{"id":241,"date":"2021-02-19T14:57:13","date_gmt":"2021-02-19T13:57:13","guid":{"rendered":"https:\/\/sportpferde-ehning.brands-and-friends.de\/?page_id=241"},"modified":"2026-01-14T08:37:44","modified_gmt":"2026-01-14T07:37:44","slug":"impressum","status":"publish","type":"page","link":"https:\/\/sportpferde-ehning.com\/en\/impressum\/","title":{"rendered":"Impressum"},"content":{"rendered":"\n<div class=\"fixed-size\">\n\n\n\n<h1 class=\"wp-block-heading\">Impressum<\/h1>\n\n\n\n<p><strong>Betreiber und Kontakt:<\/strong><br><br>Inhaber:<br>Marcus Ehning<br><br>Marcus Ehning Sportpferde<br>Weseker Stra\u00dfe 51<br>46325 Borken<br><br><strong>Vertreten durch:<\/strong><br>Gesch\u00e4ftsf\u00fchrer<br>Marcus Ehning<br><br><strong>Kontakt:<\/strong><br>Telefon: +49 (0) 2862 \/ 10 51<br>E-Mail: info[a]sportpferde-ehning.com<br>Internet www.sportpferde-ehning.com<br><br><strong>Erg\u00e4nzende Angaben gem\u00e4\u00df \u00a7 5 TMG (Telemediengesetz):<\/strong><br><br><strong>Umsatzsteuer-ID:<\/strong><br>DE 327039433<br><br><strong>Inhaltlich Verantwortlicher gem\u00e4\u00df \u00a7 55 II RStV (Rundfunkstaatsvertrag):<\/strong><br>Gesch\u00e4ftsf\u00fchrer<br>Marcus Ehning<br><br>Fotos von:<br>Karl-Heinz Frieler (www.reitsportfoto.de)<br><br><strong>Technische Betreuung:<\/strong><br>brands and friends GmbH<br><br>Borkener Str. 142<br>48653 Coesfeld<br>Deutschland<br>Telefon: 0 25 41 \/ 84 45-0<br>Email: <a href=\"mailto:info@bandf.de\">info@bandf.de<\/a><br>Website: <a href=\"https:\/\/brands-and-friends.de\/\">www.brands-and-friends.de<\/a><\/p>\n\n\n\n<\/div>\n","protected":false},"excerpt":{"rendered":"<p>Impressum Betreiber und Kontakt: Inhaber:Marcus Ehning Marcus Ehning SportpferdeWeseker Stra\u00dfe 5146325 Borken Vertreten durch:Gesch\u00e4ftsf\u00fchrerMarcus Ehning Kontakt:Telefon: +49 (0) 2862 \/ 10 51E-Mail: info[a]sportpferde-ehning.comInternet www.sportpferde-ehning.com Erg\u00e4nzende Angaben gem\u00e4\u00df \u00a7 5 TMG (Telemediengesetz): Umsatzsteuer-ID:DE 327039433 Inhaltlich Verantwortlicher gem\u00e4\u00df \u00a7 55 II RStV (Rundfunkstaatsvertrag):Gesch\u00e4ftsf\u00fchrerMarcus Ehning Fotos von:Karl-Heinz Frieler (www.reitsportfoto.de) Technische Betreuung:brands and friends GmbH Borkener Str. 14248653 CoesfeldDeutschlandTelefon: [&hellip;]<\/p>\n","protected":false},"author":1,"featured_media":0,"parent":0,"menu_order":0,"comment_status":"closed","ping_status":"closed","template":"","meta":{"footnotes":""},"class_list":["post-241","page","type-page","status-publish","hentry"],"translation":{"provider":"WPGlobus","version":"3.0.2","language":"en","enabled_languages":["de","en"],"languages":{"de":{"title":true,"content":true,"excerpt":false},"en":{"title":false,"content":false,"excerpt":false}}},"_links":{"self":[{"href":"https:\/\/sportpferde-ehning.com\/en\/wp-json\/wp\/v2\/pages\/241","targetHints":{"allow":["GET"]}}],"collection":[{"href":"https:\/\/sportpferde-ehning.com\/en\/wp-json\/wp\/v2\/pages"}],"about":[{"href":"https:\/\/sportpferde-ehning.com\/en\/wp-json\/wp\/v2\/types\/page"}],"author":[{"embeddable":true,"href":"https:\/\/sportpferde-ehning.com\/en\/wp-json\/wp\/v2\/users\/1"}],"replies":[{"embeddable":true,"href":"https:\/\/sportpferde-ehning.com\/en\/wp-json\/wp\/v2\/comments?post=241"}],"version-history":[{"count":8,"href":"https:\/\/sportpferde-ehning.com\/en\/wp-json\/wp\/v2\/pages\/241\/revisions"}],"predecessor-version":[{"id":674,"href":"https:\/\/sportpferde-ehning.com\/en\/wp-json\/wp\/v2\/pages\/241\/revisions\/674"}],"wp:attachment":[{"href":"https:\/\/sportpferde-ehning.com\/en\/wp-json\/wp\/v2\/media?parent=241"}],"curies":[{"name":"wp","href":"https:\/\/api.w.org\/{rel}","templated":true}]}}